{"id":21,"date":"2019-08-24T12:13:26","date_gmt":"2019-08-24T12:13:26","guid":{"rendered":"http:\/\/kueche10.de\/?page_id=21"},"modified":"2019-08-24T13:00:33","modified_gmt":"2019-08-24T13:00:33","slug":"ueber-uns","status":"publish","type":"page","link":"https:\/\/kueche10.de\/?page_id=21","title":{"rendered":"\u00dcber uns"},"content":{"rendered":"\n<p>Ein kleiner Traum geht in Erf\u00fcllung. F\u00fcr Ren\u00e9: Er hat endlich ein eigenes kleines Reich, in dem er ausprobieren, kreieren und sich auslassen kann. F\u00fcr Stefanie: Sie hat\u00b4s m\u00f6glich gemacht und hat immer festgehalten, dass dieser Traum wahr wird (nat\u00fcrlich auch zum Eigennutz). Wir glauben an den urspr\u00fcnglichen Geschmack und wollen euch die Zeit mit euren Liebsten vers\u00fc\u00dfen, indem wir euch etwas ganz Leckeres liefern. <\/p>\n\n\n\n<figure class=\"wp-block-image\"><img decoding=\"async\" loading=\"lazy\" width=\"1024\" height=\"683\" src=\"https:\/\/kueche10.de\/wp-content\/uploads\/2019\/08\/498-1024x683.jpg\" alt=\"\" class=\"wp-image-39\" srcset=\"https:\/\/kueche10.de\/wp-content\/uploads\/2019\/08\/498-1024x683.jpg 1024w, https:\/\/kueche10.de\/wp-content\/uploads\/2019\/08\/498-300x200.jpg 300w, https:\/\/kueche10.de\/wp-content\/uploads\/2019\/08\/498-768x512.jpg 768w\" sizes=\"(max-width: 706px) 89vw, (max-width: 767px) 82vw, 740px\" \/><\/figure>\n","protected":false},"excerpt":{"rendered":"<p>Ein kleiner Traum geht in Erf\u00fcllung. F\u00fcr Ren\u00e9: Er hat endlich ein eigenes kleines Reich, in dem er ausprobieren, kreieren und sich auslassen kann. F\u00fcr Stefanie: Sie hat\u00b4s m\u00f6glich gemacht und hat immer festgehalten, dass dieser Traum wahr wird (nat\u00fcrlich auch zum Eigennutz). Wir glauben an den urspr\u00fcnglichen Geschmack und wollen euch die Zeit mit &hellip; <\/p>\n<p class=\"link-more\"><a href=\"https:\/\/kueche10.de\/?page_id=21\" class=\"more-link\"><span class=\"screen-reader-text\">\u201e\u00dcber uns\u201c<\/span> weiterlesen<\/a><\/p>\n","protected":false},"author":1,"featured_media":0,"parent":0,"menu_order":0,"comment_status":"closed","ping_status":"closed","template":"","meta":[],"_links":{"self":[{"href":"https:\/\/kueche10.de\/index.php?rest_route=\/wp\/v2\/pages\/21"}],"collection":[{"href":"https:\/\/kueche10.de\/index.php?rest_route=\/wp\/v2\/pages"}],"about":[{"href":"https:\/\/kueche10.de\/index.php?rest_route=\/wp\/v2\/types\/page"}],"author":[{"embeddable":true,"href":"https:\/\/kueche10.de\/index.php?rest_route=\/wp\/v2\/users\/1"}],"replies":[{"embeddable":true,"href":"https:\/\/kueche10.de\/index.php?rest_route=%2Fwp%2Fv2%2Fcomments&post=21"}],"version-history":[{"count":4,"href":"https:\/\/kueche10.de\/index.php?rest_route=\/wp\/v2\/pages\/21\/revisions"}],"predecessor-version":[{"id":40,"href":"https:\/\/kueche10.de\/index.php?rest_route=\/wp\/v2\/pages\/21\/revisions\/40"}],"wp:attachment":[{"href":"https:\/\/kueche10.de\/index.php?rest_route=%2Fwp%2Fv2%2Fmedia&parent=21"}],"curies":[{"name":"wp","href":"https:\/\/api.w.org\/{rel}","templated":true}]}}